{"id":1753,"date":"2025-08-19T18:19:39","date_gmt":"2025-08-19T18:19:39","guid":{"rendered":"https:\/\/www.domosgeodesicos.com.mx\/?page_id=1753"},"modified":"2025-08-19T18:32:37","modified_gmt":"2025-08-19T18:32:37","slug":"aviso-de-privacidad","status":"publish","type":"page","link":"https:\/\/www.domosgeodesicos.com.mx\/index.php\/aviso-de-privacidad\/","title":{"rendered":"AVISO DE PRIVACIDAD"},"content":{"rendered":"<p><\/p>\n\n\n<\/p>\n<h2>COSMOTEC DOMOS Y PLANETARIOS<\/h2>\n<p>\n\n\n<p><\/p>\n<p><\/p>\n\n\n<\/p>\n<p><strong>COSMOITEK S.A. de C.V.<\/strong>\u00a0(en lo sucesivo \u201c<strong>COSMOITEK<\/strong>\u201d), con domicilio en Calle Josefa Ortiz de Dom\u00ednguez, Colonia San Diego de los Padres, Cuenxcontitl\u00e1n, Toluca, Estado de M\u00e9xico, C.P. 50205, M\u00e9xico, es responsable del tratamiento de sus datos personales conforme a lo dispuesto por la\u00a0<strong>Ley Federal de Protecci\u00f3n de Datos Personales en Posesi\u00f3n de los Particulares (LFPDPPP)<\/strong>.<\/p>\n<p>\n\n\n<p><\/p>\n<p><\/p>\n\n\n<\/p>\n<p><strong>1. Datos personales que recabamos<\/strong><\/p>\n<p>\n\n\n<p><\/p>\n<p><\/p>\n\n\n<\/p>\n<p>COSMOITEK podr\u00e1 recabar los siguientes datos personales, de manera directa o a trav\u00e9s de medios electr\u00f3nicos:<\/p>\n<p>\n\n\n<p><\/p>\n<p><\/p>\n\n\n<\/p>\n<p>\u2022\u00a0Nombre completo<\/p>\n<p>\n\n\n<p><\/p>\n<p><\/p>\n\n\n<\/p>\n<p>\u2022\u00a0Correo electr\u00f3nico<\/p>\n<p>\n\n\n<p><\/p>\n<p><\/p>\n\n\n<\/p>\n<p>\u2022\u00a0N\u00famero telef\u00f3nico<\/p>\n<p>\n\n\n<p><\/p>\n<p><\/p>\n\n\n<\/p>\n<p>\u2022\u00a0Informaci\u00f3n de contacto adicional proporcionada por el titular<\/p>\n<p>\n\n\n<p><\/p>\n<p><\/p>\n\n\n<\/p>\n<p>Asimismo, en el marco de las relaciones comerciales, COSMOITEK podr\u00e1 tener acceso a\u00a0<strong>datos sensibles y confidenciales<\/strong>, tales como:<\/p>\n<p>\n\n\n<p><\/p>\n<p><\/p>\n\n\n<\/p>\n<p>\u2022\u00a0Informaci\u00f3n t\u00e9cnica, operativa, financiera o estrat\u00e9gica relacionada con proyectos.<\/p>\n<p>\n\n\n<p><\/p>\n<p><\/p>\n\n\n<\/p>\n<p>\u2022\u00a0Documentaci\u00f3n o materiales que, por su naturaleza, se consideren reservados o confidenciales.<\/p>\n<p>\n\n\n<p><\/p>\n<p><\/p>\n\n\n<\/p>\n<p><strong>2. Finalidades del tratamiento<\/strong><\/p>\n<p>\n\n\n<p><\/p>\n<p><\/p>\n\n\n<\/p>\n<p>Los datos personales recabados ser\u00e1n utilizados para:<\/p>\n<p>\n\n\n<p><\/p>\n<p><\/p>\n\n\n<\/p>\n<p>1.\u00a0<strong>Finalidades primarias (necesarias):<\/strong><\/p>\n<p>\n\n\n<p><\/p>\n<p><\/p>\n\n\n<\/p>\n<p>o\u00a0Atender y dar seguimiento a solicitudes de informaci\u00f3n, cotizaciones y contrataci\u00f3n.<\/p>\n<p>\n\n\n<p><\/p>\n<p><\/p>\n\n\n<\/p>\n<p>o\u00a0Evaluar la viabilidad de proyectos y propuestas presentadas por clientes.<\/p>\n<p>\n\n\n<p><\/p>\n<p><\/p>\n\n\n<\/p>\n<p>o\u00a0Cumplir con obligaciones contractuales y legales derivadas de la relaci\u00f3n comercial.<\/p>\n<p>\n\n\n<p><\/p>\n<p><\/p>\n\n\n<\/p>\n<p>o\u00a0Garantizar la confidencialidad de los proyectos e informaci\u00f3n proporcionada.<\/p>\n<p>\n\n\n<p><\/p>\n<p><\/p>\n\n\n<\/p>\n<p>2.\u00a0<strong>Finalidades secundarias (opcionales):<\/strong><\/p>\n<p>\n\n\n<p><\/p>\n<p><\/p>\n\n\n<\/p>\n<p>o\u00a0Enviar informaci\u00f3n comercial, promociones y contenidos relacionados con los productos y servicios de COSMOITEK.<\/p>\n<p>o\u00a0Realizar encuestas de satisfacci\u00f3n y estudios de mercado para mejorar nuestros servicios.<\/p>\n<p>\n\n\n<p><\/p>\n<p><\/p>\n\n\n<\/p>\n<p>El titular podr\u00e1 manifestar en cualquier momento su negativa al uso de sus datos para finalidades secundarias, enviando un correo a\u00a0<a href=\"mailto:ventas@cosmotec.com.mx\"><strong>ventas@cosmotec.com.mx<\/strong><\/a>.<\/p>\n<p>\n\n\n<p><\/p>\n<p><\/p>\n\n\n<\/p>\n<p><strong>3. Confidencialidad y no divulgaci\u00f3n<\/strong><\/p>\n<p>\n\n\n<p><\/p>\n<p><\/p>\n\n\n<\/p>\n<p>COSMOITEK\u00a0<strong>no divulgar\u00e1, transferir\u00e1, ni compartir\u00e1<\/strong>\u00a0los datos personales ni la informaci\u00f3n sensible de proyectos con terceros sin el consentimiento previo y expreso del titular, salvo que exista obligaci\u00f3n legal o mandato de autoridad competente.<\/p>\n<p>\n\n\n<p><\/p>\n<p><\/p>\n\n\n<\/p>\n<p>Toda la informaci\u00f3n que se proporcione a COSMOITEK ser\u00e1 tratada con el car\u00e1cter de\u00a0<strong>estrictamente confidencial<\/strong>, destin\u00e1ndose \u00fanica y exclusivamente para los fines vinculados con la intenci\u00f3n de compra, la evaluaci\u00f3n y ejecuci\u00f3n de proyectos o la prestaci\u00f3n de servicios.<\/p>\n<p>\n\n\n<p><\/p>\n<p><\/p>\n\n\n<\/p>\n<p><strong>4. Medidas de seguridad<\/strong><\/p>\n<p>\n\n\n<p><\/p>\n<p><\/p>\n\n\n<\/p>\n<p>COSMOITEK ha implementado medidas de seguridad administrativas, t\u00e9cnicas y f\u00edsicas necesarias para proteger los datos personales y sensibles contra da\u00f1o, p\u00e9rdida, alteraci\u00f3n, destrucci\u00f3n o acceso, uso o tratamiento no autorizado.<\/p>\n<p>\n\n\n<p><\/p>\n<p><\/p>\n\n\n<\/p>\n<p><strong>5. Derechos ARCO (Acceso, Rectificaci\u00f3n, Cancelaci\u00f3n y Oposici\u00f3n)<\/strong><\/p>\n<p>\n\n\n<p><\/p>\n<p><\/p>\n\n\n<\/p>\n<p>El titular tiene derecho a acceder, rectificar y cancelar sus datos personales, as\u00ed como a oponerse al tratamiento de los mismos o revocar el consentimiento que haya otorgado.<\/p>\n<p>\n\n\n<p><\/p>\n<p><\/p>\n\n\n<\/p>\n<p>Para el ejercicio de estos derechos, el titular deber\u00e1 enviar una solicitud al correo:\u00a0<a href=\"mailto:ventas@cosmotec.com.mx\"><strong>ventas@cosmotec.com.mx<\/strong><\/a>, incluyendo su nombre completo, medio de contacto y una descripci\u00f3n clara de la petici\u00f3n.<\/p>\n<p>\n\n\n<p><\/p>\n<p><\/p>\n\n\n<\/p>\n<p><strong>6. Consentimiento expreso para datos sensibles<\/strong><\/p>\n<p>\n\n\n<p><\/p>\n<p><\/p>\n\n\n<\/p>\n<p>Al proporcionar a COSMOITEK informaci\u00f3n considerada como\u00a0<strong>datos sensibles<\/strong>, el titular otorga su\u00a0<strong>consentimiento expreso<\/strong>\u00a0para que dichos datos sean tratados \u00fanicamente conforme a las finalidades descritas en este Aviso de Privacidad.<\/p>\n<p>\n\n\n<p><\/p>\n<p><\/p>\n\n\n<\/p>\n<p><strong>7. Modificaciones al Aviso de Privacidad<\/strong><\/p>\n<p>\n\n\n<p><\/p>\n<p><\/p>\n\n\n<\/p>\n<p>COSMOITEK podr\u00e1 modificar en cualquier momento este Aviso de Privacidad para adaptarlo a novedades legislativas, pol\u00edticas internas o nuevos requerimientos.\u00a0Las modificaciones estar\u00e1n disponibles en nuestro sitio web:\u00a0<a href=\"http:\/\/www.cosmotec.com.mx\/\"><strong>www.cosmotec.com.mx<\/strong><\/a>.<\/p>\n<p>\n\n\n<p><\/p>\n<p><\/p>\n\n\n<\/p>\n<p><strong>8. Consentimiento<\/strong><\/p>\n<p>\n\n\n<p><\/p>\n<p><\/p>\n\n\n<\/p>\n<p>Al proporcionar sus datos personales o sensibles a trav\u00e9s de este sitio web o cualquier otro medio de contacto con COSMOITEK, usted reconoce y acepta que ha le\u00eddo y comprendido este Aviso de Privacidad y otorga su consentimiento para el tratamiento de los mismos conforme a lo aqu\u00ed establecido.<\/p>\n<p>\n\n\n<p><\/p>","protected":false},"excerpt":{"rendered":"<p>COSMOTEC DOMOS Y PLANETARIOS COSMOITEK S.A. de C.V.\u00a0(en lo sucesivo \u201cCOSMOITEK\u201d), con domicilio en Calle Josefa Ortiz de Dom\u00ednguez, Colonia San Diego de los Padres, Cuenxcontitl\u00e1n,<span class=\"excerpt-hellip\"> [\u2026]<\/span><\/p>\n","protected":false},"author":6,"featured_media":1495,"parent":0,"menu_order":0,"comment_status":"closed","ping_status":"closed","template":"","meta":{"om_disable_all_campaigns":false,"_monsterinsights_skip_tracking":false,"_monsterinsights_sitenote_active":false,"_monsterinsights_sitenote_note":"","_monsterinsights_sitenote_category":0},"aioseo_notices":[],"_links":{"self":[{"href":"https:\/\/www.domosgeodesicos.com.mx\/index.php\/wp-json\/wp\/v2\/pages\/1753"}],"collection":[{"href":"https:\/\/www.domosgeodesicos.com.mx\/index.php\/wp-json\/wp\/v2\/pages"}],"about":[{"href":"https:\/\/www.domosgeodesicos.com.mx\/index.php\/wp-json\/wp\/v2\/types\/page"}],"author":[{"embeddable":true,"href":"https:\/\/www.domosgeodesicos.com.mx\/index.php\/wp-json\/wp\/v2\/users\/6"}],"replies":[{"embeddable":true,"href":"https:\/\/www.domosgeodesicos.com.mx\/index.php\/wp-json\/wp\/v2\/comments?post=1753"}],"version-history":[{"count":7,"href":"https:\/\/www.domosgeodesicos.com.mx\/index.php\/wp-json\/wp\/v2\/pages\/1753\/revisions"}],"predecessor-version":[{"id":1763,"href":"https:\/\/www.domosgeodesicos.com.mx\/index.php\/wp-json\/wp\/v2\/pages\/1753\/revisions\/1763"}],"wp:featuredmedia":[{"embeddable":true,"href":"https:\/\/www.domosgeodesicos.com.mx\/index.php\/wp-json\/wp\/v2\/media\/1495"}],"wp:attachment":[{"href":"https:\/\/www.domosgeodesicos.com.mx\/index.php\/wp-json\/wp\/v2\/media?parent=1753"}],"curies":[{"name":"wp","href":"https:\/\/api.w.org\/{rel}","templated":true}]}}